{"id":14038,"date":"2020-12-11T20:08:05","date_gmt":"2020-12-11T20:08:05","guid":{"rendered":"https:\/\/www.c-bekret.com\/?page_id=14038"},"modified":"2020-12-11T20:15:24","modified_gmt":"2020-12-11T20:15:24","slug":"dessins-et-crayonnes","status":"publish","type":"page","link":"https:\/\/www.c-bekret.com\/fr\/dessins-et-crayonnes\/","title":{"rendered":"Dessins et crayonn\u00e9s"},"content":{"rendered":"[vc_row][vc_column][vc_column_text responsive_text=\u00a0\u00bbtrue\u00a0\u00bb font_size=\u00a0\u00bb50&Prime; color=\u00a0\u00bb#002e51&Prime;]\n<p style=\"text-align: center;\"><span style=\"font-family: arial, helvetica, sans-serif;\">DESSINS ET CRAYONN\u00c9S<\/span><\/p>\n[\/vc_column_text][\/vc_column][\/vc_row][vc_row][vc_column][\/vc_column][\/vc_row]\n","protected":false},"excerpt":{"rendered":"<p>[vc_row][vc_column][vc_column_text responsive_text=\u00a0\u00bbtrue\u00a0\u00bb font_size=\u00a0\u00bb50&Prime; color=\u00a0\u00bb#002e51&Prime;] DESSINS ET CRAYONN\u00c9S [\/vc_column_text][\/vc_column][\/vc_row][vc_row][vc_column][\/vc_column][\/vc_row]<\/p>\n","protected":false},"author":1,"featured_media":0,"parent":0,"menu_order":0,"comment_status":"closed","ping_status":"closed","template":"","meta":{"_monsterinsights_skip_tracking":false,"_monsterinsights_sitenote_active":false,"_monsterinsights_sitenote_note":"","_monsterinsights_sitenote_category":0,"footnotes":""},"class_list":["post-14038","page","type-page","status-publish","hentry","entry","no-media"],"yoast_head":"<!-- This site is optimized with the Yoast SEO plugin v27.5 - https:\/\/yoast.com\/product\/yoast-seo-wordpress\/ -->\n<title>Dessins et crayonn\u00e9s - Christophe Bekret<\/title>\n<meta name=\"robots\" content=\"index, follow, max-snippet:-1, max-image-preview:large, max-video-preview:-1\" \/>\n<link rel=\"canonical\" href=\"https:\/\/www.c-bekret.com\/fr\/dessins-et-crayonnes\/\" \/>\n<meta property=\"og:locale\" content=\"fr_FR\" \/>\n<meta property=\"og:type\" content=\"article\" \/>\n<meta property=\"og:title\" content=\"Dessins et crayonn\u00e9s - Christophe Bekret\" \/>\n<meta property=\"og:description\" content=\"[vc_row][vc_column][vc_column_text responsive_text=\u00a0\u00bbtrue\u00a0\u00bb font_size=\u00a0\u00bb50&Prime; color=\u00a0\u00bb#002e51&Prime;] DESSINS ET CRAYONN\u00c9S [\/vc_column_text][\/vc_column][\/vc_row][vc_row][vc_column][\/vc_column][\/vc_row]\" \/>\n<meta property=\"og:url\" content=\"https:\/\/www.c-bekret.com\/fr\/dessins-et-crayonnes\/\" \/>\n<meta property=\"og:site_name\" content=\"Christophe Bekret\" \/>\n<meta property=\"article:modified_time\" content=\"2020-12-11T20:15:24+00:00\" \/>\n<meta name=\"twitter:card\" content=\"summary_large_image\" \/>\n<script type=\"application\/ld+json\" class=\"yoast-schema-graph\">{\"@context\":\"https:\\\/\\\/schema.org\",\"@graph\":[{\"@type\":\"WebPage\",\"@id\":\"https:\\\/\\\/www.c-bekret.com\\\/fr\\\/dessins-et-crayonnes\\\/\",\"url\":\"https:\\\/\\\/www.c-bekret.com\\\/fr\\\/dessins-et-crayonnes\\\/\",\"name\":\"Dessins et crayonn\u00e9s - Christophe Bekret\",\"isPartOf\":{\"@id\":\"https:\\\/\\\/www.c-bekret.com\\\/fr\\\/#website\"},\"datePublished\":\"2020-12-11T20:08:05+00:00\",\"dateModified\":\"2020-12-11T20:15:24+00:00\",\"breadcrumb\":{\"@id\":\"https:\\\/\\\/www.c-bekret.com\\\/fr\\\/dessins-et-crayonnes\\\/#breadcrumb\"},\"inLanguage\":\"fr-FR\",\"potentialAction\":[{\"@type\":\"ReadAction\",\"target\":[\"https:\\\/\\\/www.c-bekret.com\\\/fr\\\/dessins-et-crayonnes\\\/\"]}]},{\"@type\":\"BreadcrumbList\",\"@id\":\"https:\\\/\\\/www.c-bekret.com\\\/fr\\\/dessins-et-crayonnes\\\/#breadcrumb\",\"itemListElement\":[{\"@type\":\"ListItem\",\"position\":1,\"name\":\"Home\",\"item\":\"https:\\\/\\\/www.c-bekret.com\\\/fr\\\/\"},{\"@type\":\"ListItem\",\"position\":2,\"name\":\"Dessins et crayonn\u00e9s\"}]},{\"@type\":\"WebSite\",\"@id\":\"https:\\\/\\\/www.c-bekret.com\\\/fr\\\/#website\",\"url\":\"https:\\\/\\\/www.c-bekret.com\\\/fr\\\/\",\"name\":\"Christophe Bekret\",\"description\":\"Portfolio\",\"publisher\":{\"@id\":\"https:\\\/\\\/www.c-bekret.com\\\/fr\\\/#\\\/schema\\\/person\\\/f62d31d37cbdde1b57fe44519f8468a7\"},\"potentialAction\":[{\"@type\":\"SearchAction\",\"target\":{\"@type\":\"EntryPoint\",\"urlTemplate\":\"https:\\\/\\\/www.c-bekret.com\\\/fr\\\/?s={search_term_string}\"},\"query-input\":{\"@type\":\"PropertyValueSpecification\",\"valueRequired\":true,\"valueName\":\"search_term_string\"}}],\"inLanguage\":\"fr-FR\"},{\"@type\":[\"Person\",\"Organization\"],\"@id\":\"https:\\\/\\\/www.c-bekret.com\\\/fr\\\/#\\\/schema\\\/person\\\/f62d31d37cbdde1b57fe44519f8468a7\",\"name\":\"Christophe Bekret\",\"image\":{\"@type\":\"ImageObject\",\"inLanguage\":\"fr-FR\",\"@id\":\"https:\\\/\\\/secure.gravatar.com\\\/avatar\\\/04eedd77e6779708644853323f16056a2b1473db92e06d87f061bb99e12b629d?s=96&d=mm&r=g\",\"url\":\"https:\\\/\\\/secure.gravatar.com\\\/avatar\\\/04eedd77e6779708644853323f16056a2b1473db92e06d87f061bb99e12b629d?s=96&d=mm&r=g\",\"contentUrl\":\"https:\\\/\\\/secure.gravatar.com\\\/avatar\\\/04eedd77e6779708644853323f16056a2b1473db92e06d87f061bb99e12b629d?s=96&d=mm&r=g\",\"caption\":\"Christophe Bekret\"},\"logo\":{\"@id\":\"https:\\\/\\\/secure.gravatar.com\\\/avatar\\\/04eedd77e6779708644853323f16056a2b1473db92e06d87f061bb99e12b629d?s=96&d=mm&r=g\"},\"description\":\"Form\u00e9 \u00e0 l'\u00e9cole sup\u00e9rieure d'arts graphique de Paris (E.S.A.G), je dispose de nombreuses ann\u00e9es d'exp\u00e9riences professionnelles en tant qu\u2019illustrateur, roughman et animateur pour les agences publicitaires de Paris et Londres. Ma passion pour les images m'incite \u00e0 me former continuellement au nouvelles technologies, exploitant les innombrables potentialit\u00e9s qu'offre le num\u00e9rique et plus r\u00e9cemment la r\u00e9alit\u00e9 virtuelle et la r\u00e9alit\u00e9 augment\u00e9e.\",\"sameAs\":[\"https:\\\/\\\/www.c-bekret.com\"]}]}<\/script>\n<!-- \/ Yoast SEO plugin. -->","yoast_head_json":{"title":"Dessins et crayonn\u00e9s - Christophe Bekret","robots":{"index":"index","follow":"follow","max-snippet":"max-snippet:-1","max-image-preview":"max-image-preview:large","max-video-preview":"max-video-preview:-1"},"canonical":"https:\/\/www.c-bekret.com\/fr\/dessins-et-crayonnes\/","og_locale":"fr_FR","og_type":"article","og_title":"Dessins et crayonn\u00e9s - Christophe Bekret","og_description":"[vc_row][vc_column][vc_column_text responsive_text=\u00a0\u00bbtrue\u00a0\u00bb font_size=\u00a0\u00bb50&Prime; color=\u00a0\u00bb#002e51&Prime;] DESSINS ET CRAYONN\u00c9S [\/vc_column_text][\/vc_column][\/vc_row][vc_row][vc_column][\/vc_column][\/vc_row]","og_url":"https:\/\/www.c-bekret.com\/fr\/dessins-et-crayonnes\/","og_site_name":"Christophe Bekret","article_modified_time":"2020-12-11T20:15:24+00:00","twitter_card":"summary_large_image","schema":{"@context":"https:\/\/schema.org","@graph":[{"@type":"WebPage","@id":"https:\/\/www.c-bekret.com\/fr\/dessins-et-crayonnes\/","url":"https:\/\/www.c-bekret.com\/fr\/dessins-et-crayonnes\/","name":"Dessins et crayonn\u00e9s - Christophe Bekret","isPartOf":{"@id":"https:\/\/www.c-bekret.com\/fr\/#website"},"datePublished":"2020-12-11T20:08:05+00:00","dateModified":"2020-12-11T20:15:24+00:00","breadcrumb":{"@id":"https:\/\/www.c-bekret.com\/fr\/dessins-et-crayonnes\/#breadcrumb"},"inLanguage":"fr-FR","potentialAction":[{"@type":"ReadAction","target":["https:\/\/www.c-bekret.com\/fr\/dessins-et-crayonnes\/"]}]},{"@type":"BreadcrumbList","@id":"https:\/\/www.c-bekret.com\/fr\/dessins-et-crayonnes\/#breadcrumb","itemListElement":[{"@type":"ListItem","position":1,"name":"Home","item":"https:\/\/www.c-bekret.com\/fr\/"},{"@type":"ListItem","position":2,"name":"Dessins et crayonn\u00e9s"}]},{"@type":"WebSite","@id":"https:\/\/www.c-bekret.com\/fr\/#website","url":"https:\/\/www.c-bekret.com\/fr\/","name":"Christophe Bekret","description":"Portfolio","publisher":{"@id":"https:\/\/www.c-bekret.com\/fr\/#\/schema\/person\/f62d31d37cbdde1b57fe44519f8468a7"},"potentialAction":[{"@type":"SearchAction","target":{"@type":"EntryPoint","urlTemplate":"https:\/\/www.c-bekret.com\/fr\/?s={search_term_string}"},"query-input":{"@type":"PropertyValueSpecification","valueRequired":true,"valueName":"search_term_string"}}],"inLanguage":"fr-FR"},{"@type":["Person","Organization"],"@id":"https:\/\/www.c-bekret.com\/fr\/#\/schema\/person\/f62d31d37cbdde1b57fe44519f8468a7","name":"Christophe Bekret","image":{"@type":"ImageObject","inLanguage":"fr-FR","@id":"https:\/\/secure.gravatar.com\/avatar\/04eedd77e6779708644853323f16056a2b1473db92e06d87f061bb99e12b629d?s=96&d=mm&r=g","url":"https:\/\/secure.gravatar.com\/avatar\/04eedd77e6779708644853323f16056a2b1473db92e06d87f061bb99e12b629d?s=96&d=mm&r=g","contentUrl":"https:\/\/secure.gravatar.com\/avatar\/04eedd77e6779708644853323f16056a2b1473db92e06d87f061bb99e12b629d?s=96&d=mm&r=g","caption":"Christophe Bekret"},"logo":{"@id":"https:\/\/secure.gravatar.com\/avatar\/04eedd77e6779708644853323f16056a2b1473db92e06d87f061bb99e12b629d?s=96&d=mm&r=g"},"description":"Form\u00e9 \u00e0 l'\u00e9cole sup\u00e9rieure d'arts graphique de Paris (E.S.A.G), je dispose de nombreuses ann\u00e9es d'exp\u00e9riences professionnelles en tant qu\u2019illustrateur, roughman et animateur pour les agences publicitaires de Paris et Londres. Ma passion pour les images m'incite \u00e0 me former continuellement au nouvelles technologies, exploitant les innombrables potentialit\u00e9s qu'offre le num\u00e9rique et plus r\u00e9cemment la r\u00e9alit\u00e9 virtuelle et la r\u00e9alit\u00e9 augment\u00e9e.","sameAs":["https:\/\/www.c-bekret.com"]}]}},"_links":{"self":[{"href":"https:\/\/www.c-bekret.com\/fr\/wp-json\/wp\/v2\/pages\/14038","targetHints":{"allow":["GET"]}}],"collection":[{"href":"https:\/\/www.c-bekret.com\/fr\/wp-json\/wp\/v2\/pages"}],"about":[{"href":"https:\/\/www.c-bekret.com\/fr\/wp-json\/wp\/v2\/types\/page"}],"author":[{"embeddable":true,"href":"https:\/\/www.c-bekret.com\/fr\/wp-json\/wp\/v2\/users\/1"}],"replies":[{"embeddable":true,"href":"https:\/\/www.c-bekret.com\/fr\/wp-json\/wp\/v2\/comments?post=14038"}],"version-history":[{"count":6,"href":"https:\/\/www.c-bekret.com\/fr\/wp-json\/wp\/v2\/pages\/14038\/revisions"}],"predecessor-version":[{"id":14045,"href":"https:\/\/www.c-bekret.com\/fr\/wp-json\/wp\/v2\/pages\/14038\/revisions\/14045"}],"wp:attachment":[{"href":"https:\/\/www.c-bekret.com\/fr\/wp-json\/wp\/v2\/media?parent=14038"}],"curies":[{"name":"wp","href":"https:\/\/api.w.org\/{rel}","templated":true}]}}