{"id":13141,"date":"2019-07-01T15:40:20","date_gmt":"2019-07-01T15:40:20","guid":{"rendered":"https:\/\/www.c-bekret.com\/storyboards\/"},"modified":"2021-05-01T14:48:04","modified_gmt":"2021-05-01T14:48:04","slug":"storyboards","status":"publish","type":"page","link":"https:\/\/www.c-bekret.com\/fr\/storyboards\/","title":{"rendered":"STORYBOARDS"},"content":{"rendered":"[vc_row full_width=\u00a0\u00bbstretch_row_content_no_spaces\u00a0\u00bb][vc_column][vc_column_text responsive_text=\u00a0\u00bbtrue\u00a0\u00bb css=\u00a0\u00bb.vc_custom_1607688537846{margin-top: 50px !important;margin-bottom: 30px !important;}\u00a0\u00bb color=\u00a0\u00bb#002e51&Prime; font_size=\u00a0\u00bb80&Prime; min_font_size=\u00a0\u00bb40px\u00a0\u00bb]\n<p style=\"text-align: center;\"><span style=\"font-size: 100px; color: #002e51;\">STORYBOARDS<\/span><\/p>\n[\/vc_column_text][vc_row_inner][vc_column_inner width=\u00a0\u00bb1\/4&Prime;][vc_single_image image=\u00a0\u00bb13386&Prime; lightbox_gallery=\u00a0\u00bb12510,12511,12512,12513,12514,12515,12516,12517,12518,12519,12520&Prime;][\/vc_column_inner][vc_column_inner width=\u00a0\u00bb1\/4&Prime;][vc_single_image image=\u00a0\u00bb13362&Prime; lightbox_gallery=\u00a0\u00bb12523,12524,12525,12526,12527,12528,12529,12530,12531,12532,12533,12534,12535&Prime;][\/vc_column_inner][vc_column_inner width=\u00a0\u00bb1\/4&Prime;][vc_single_image image=\u00a0\u00bb13226&Prime; lightbox_gallery=\u00a0\u00bb12613,12612,12611,12610,12609,12608,14211,12606,14198,12607,14202,14200&Prime;][\/vc_column_inner][vc_column_inner width=\u00a0\u00bb1\/4&Prime;][vc_single_image image=\u00a0\u00bb13272&Prime; lightbox_gallery=\u00a0\u00bb12561,12562,12563,12564,12565,12566,12567,12568,12569,12570,12571,12572,12573,12574,12575&Prime;][\/vc_column_inner][\/vc_row_inner][vc_row_inner][vc_column_inner width=\u00a0\u00bb1\/4&Prime;][vc_single_image image=\u00a0\u00bb13330&Prime; lightbox_gallery=\u00a0\u00bb12545,12547,12548,12550,12551,12552,12553,12554,12555,12556,12557,12542,12543&Prime;][\/vc_column_inner][vc_column_inner width=\u00a0\u00bb1\/4&Prime;][vc_single_image image=\u00a0\u00bb13270&Prime; lightbox_gallery=\u00a0\u00bb12592,12593,12594,12595,12596,12597,12598,12599,12600,12601,12602,12603,12604&Prime;][\/vc_column_inner][vc_column_inner width=\u00a0\u00bb1\/4&Prime;][vc_single_image image=\u00a0\u00bb13204&Prime; lightbox_gallery=\u00a0\u00bb12616,12617,12618,12619,12620,12621,12622,12623,12624,12625&Prime;][\/vc_column_inner][vc_column_inner width=\u00a0\u00bb1\/4&Prime;][vc_single_image image=\u00a0\u00bb13178&Prime; lightbox_gallery=\u00a0\u00bb12631,12632,12633,12634,12635,12636,12637,12638,12639,12640,12641,12642&Prime;][\/vc_column_inner][\/vc_row_inner][vc_row_inner][vc_column_inner width=\u00a0\u00bb1\/4&Prime;][vc_single_image image=\u00a0\u00bb12851&Prime; lightbox_gallery=\u00a0\u00bb12669,12670,12671,12672,12673,12674,12675,12676,12677,12678&Prime;][\/vc_column_inner][vc_column_inner width=\u00a0\u00bb1\/4&Prime;][vc_single_image image=\u00a0\u00bb12852&Prime; lightbox_gallery=\u00a0\u00bb12661,12662,12663,12664,12665&Prime;][\/vc_column_inner][vc_column_inner width=\u00a0\u00bb1\/4&Prime;][\/vc_column_inner][vc_column_inner width=\u00a0\u00bb1\/4&Prime;][\/vc_column_inner][\/vc_row_inner][\/vc_column][\/vc_row]\n","protected":false},"excerpt":{"rendered":"<p>[vc_row full_width=\u00a0\u00bbstretch_row_content_no_spaces\u00a0\u00bb][vc_column][vc_column_text responsive_text=\u00a0\u00bbtrue\u00a0\u00bb css=\u00a0\u00bb.vc_custom_1607688537846{margin-top: 50px !important;margin-bottom: 30px !important;}\u00a0\u00bb color=\u00a0\u00bb#002e51&Prime; font_size=\u00a0\u00bb80&Prime; min_font_size=\u00a0\u00bb40px\u00a0\u00bb] STORYBOARDS [\/vc_column_text][vc_row_inner][vc_column_inner width=\u00a0\u00bb1\/4&Prime;][vc_single_image image=\u00a0\u00bb13386&Prime; lightbox_gallery=\u00a0\u00bb12510,12511,12512,12513,12514,12515,12516,12517,12518,12519,12520&Prime;][\/vc_column_inner][vc_column_inner width=\u00a0\u00bb1\/4&Prime;][vc_single_image image=\u00a0\u00bb13362&Prime; lightbox_gallery=\u00a0\u00bb12523,12524,12525,12526,12527,12528,12529,12530,12531,12532,12533,12534,12535&Prime;][\/vc_column_inner][vc_column_inner width=\u00a0\u00bb1\/4&Prime;][vc_single_image image=\u00a0\u00bb13226&Prime; lightbox_gallery=\u00a0\u00bb12613,12612,12611,12610,12609,12608,14211,12606,14198,12607,14202,14200&Prime;][\/vc_column_inner][vc_column_inner width=\u00a0\u00bb1\/4&Prime;][vc_single_image image=\u00a0\u00bb13272&Prime; lightbox_gallery=\u00a0\u00bb12561,12562,12563,12564,12565,12566,12567,12568,12569,12570,12571,12572,12573,12574,12575&Prime;][\/vc_column_inner][\/vc_row_inner][vc_row_inner][vc_column_inner width=\u00a0\u00bb1\/4&Prime;][vc_single_image image=\u00a0\u00bb13330&Prime; lightbox_gallery=\u00a0\u00bb12545,12547,12548,12550,12551,12552,12553,12554,12555,12556,12557,12542,12543&Prime;][\/vc_column_inner][vc_column_inner width=\u00a0\u00bb1\/4&Prime;][vc_single_image image=\u00a0\u00bb13270&Prime; lightbox_gallery=\u00a0\u00bb12592,12593,12594,12595,12596,12597,12598,12599,12600,12601,12602,12603,12604&Prime;][\/vc_column_inner][vc_column_inner width=\u00a0\u00bb1\/4&Prime;][vc_single_image image=\u00a0\u00bb13204&Prime; lightbox_gallery=\u00a0\u00bb12616,12617,12618,12619,12620,12621,12622,12623,12624,12625&Prime;][\/vc_column_inner][vc_column_inner width=\u00a0\u00bb1\/4&Prime;][vc_single_image image=\u00a0\u00bb13178&Prime; lightbox_gallery=\u00a0\u00bb12631,12632,12633,12634,12635,12636,12637,12638,12639,12640,12641,12642&Prime;][\/vc_column_inner][\/vc_row_inner][vc_row_inner][vc_column_inner width=\u00a0\u00bb1\/4&Prime;][vc_single_image image=\u00a0\u00bb12851&Prime; lightbox_gallery=\u00a0\u00bb12669,12670,12671,12672,12673,12674,12675,12676,12677,12678&Prime;][\/vc_column_inner][vc_column_inner&hellip;<\/p>\n","protected":false},"author":1,"featured_media":0,"parent":0,"menu_order":0,"comment_status":"closed","ping_status":"closed","template":"","meta":{"_monsterinsights_skip_tracking":false,"_monsterinsights_sitenote_active":false,"_monsterinsights_sitenote_note":"","_monsterinsights_sitenote_category":0,"footnotes":""},"class_list":["post-13141","page","type-page","status-publish","hentry","entry","no-media"],"yoast_head":"<!-- This site is optimized with the Yoast SEO plugin v27.5 - https:\/\/yoast.com\/product\/yoast-seo-wordpress\/ -->\n<title>STORYBOARDS - Christophe Bekret<\/title>\n<meta name=\"robots\" content=\"index, follow, max-snippet:-1, max-image-preview:large, max-video-preview:-1\" \/>\n<link rel=\"canonical\" href=\"https:\/\/www.c-bekret.com\/fr\/storyboards\/\" \/>\n<meta property=\"og:locale\" content=\"fr_FR\" \/>\n<meta property=\"og:type\" content=\"article\" \/>\n<meta property=\"og:title\" content=\"STORYBOARDS - Christophe Bekret\" \/>\n<meta property=\"og:description\" content=\"[vc_row full_width=\u00a0\u00bbstretch_row_content_no_spaces\u00a0\u00bb][vc_column][vc_column_text responsive_text=\u00a0\u00bbtrue\u00a0\u00bb css=\u00a0\u00bb.vc_custom_1607688537846{margin-top: 50px !important;margin-bottom: 30px !important;}\u00a0\u00bb color=\u00a0\u00bb#002e51&Prime; font_size=\u00a0\u00bb80&Prime; min_font_size=\u00a0\u00bb40px\u00a0\u00bb] STORYBOARDS [\/vc_column_text][vc_row_inner][vc_column_inner width=\u00a0\u00bb1\/4&Prime;][vc_single_image image=\u00a0\u00bb13386&Prime; lightbox_gallery=\u00a0\u00bb12510,12511,12512,12513,12514,12515,12516,12517,12518,12519,12520&Prime;][\/vc_column_inner][vc_column_inner width=\u00a0\u00bb1\/4&Prime;][vc_single_image image=\u00a0\u00bb13362&Prime; lightbox_gallery=\u00a0\u00bb12523,12524,12525,12526,12527,12528,12529,12530,12531,12532,12533,12534,12535&Prime;][\/vc_column_inner][vc_column_inner width=\u00a0\u00bb1\/4&Prime;][vc_single_image image=\u00a0\u00bb13226&Prime; lightbox_gallery=\u00a0\u00bb12613,12612,12611,12610,12609,12608,14211,12606,14198,12607,14202,14200&Prime;][\/vc_column_inner][vc_column_inner width=\u00a0\u00bb1\/4&Prime;][vc_single_image image=\u00a0\u00bb13272&Prime; lightbox_gallery=\u00a0\u00bb12561,12562,12563,12564,12565,12566,12567,12568,12569,12570,12571,12572,12573,12574,12575&Prime;][\/vc_column_inner][\/vc_row_inner][vc_row_inner][vc_column_inner width=\u00a0\u00bb1\/4&Prime;][vc_single_image image=\u00a0\u00bb13330&Prime; lightbox_gallery=\u00a0\u00bb12545,12547,12548,12550,12551,12552,12553,12554,12555,12556,12557,12542,12543&Prime;][\/vc_column_inner][vc_column_inner width=\u00a0\u00bb1\/4&Prime;][vc_single_image image=\u00a0\u00bb13270&Prime; lightbox_gallery=\u00a0\u00bb12592,12593,12594,12595,12596,12597,12598,12599,12600,12601,12602,12603,12604&Prime;][\/vc_column_inner][vc_column_inner width=\u00a0\u00bb1\/4&Prime;][vc_single_image image=\u00a0\u00bb13204&Prime; lightbox_gallery=\u00a0\u00bb12616,12617,12618,12619,12620,12621,12622,12623,12624,12625&Prime;][\/vc_column_inner][vc_column_inner width=\u00a0\u00bb1\/4&Prime;][vc_single_image image=\u00a0\u00bb13178&Prime; lightbox_gallery=\u00a0\u00bb12631,12632,12633,12634,12635,12636,12637,12638,12639,12640,12641,12642&Prime;][\/vc_column_inner][\/vc_row_inner][vc_row_inner][vc_column_inner width=\u00a0\u00bb1\/4&Prime;][vc_single_image image=\u00a0\u00bb12851&Prime; lightbox_gallery=\u00a0\u00bb12669,12670,12671,12672,12673,12674,12675,12676,12677,12678&Prime;][\/vc_column_inner][vc_column_inner&hellip;\" \/>\n<meta property=\"og:url\" content=\"https:\/\/www.c-bekret.com\/fr\/storyboards\/\" \/>\n<meta property=\"og:site_name\" content=\"Christophe Bekret\" \/>\n<meta property=\"article:modified_time\" content=\"2021-05-01T14:48:04+00:00\" \/>\n<meta name=\"twitter:card\" content=\"summary_large_image\" \/>\n<meta name=\"twitter:label1\" content=\"Dur\u00e9e de lecture estim\u00e9e\" \/>\n\t<meta name=\"twitter:data1\" content=\"1 minute\" \/>\n<script type=\"application\/ld+json\" class=\"yoast-schema-graph\">{\"@context\":\"https:\\\/\\\/schema.org\",\"@graph\":[{\"@type\":\"WebPage\",\"@id\":\"https:\\\/\\\/www.c-bekret.com\\\/fr\\\/storyboards\\\/\",\"url\":\"https:\\\/\\\/www.c-bekret.com\\\/fr\\\/storyboards\\\/\",\"name\":\"STORYBOARDS - Christophe Bekret\",\"isPartOf\":{\"@id\":\"https:\\\/\\\/www.c-bekret.com\\\/fr\\\/#website\"},\"datePublished\":\"2019-07-01T15:40:20+00:00\",\"dateModified\":\"2021-05-01T14:48:04+00:00\",\"breadcrumb\":{\"@id\":\"https:\\\/\\\/www.c-bekret.com\\\/fr\\\/storyboards\\\/#breadcrumb\"},\"inLanguage\":\"fr-FR\",\"potentialAction\":[{\"@type\":\"ReadAction\",\"target\":[\"https:\\\/\\\/www.c-bekret.com\\\/fr\\\/storyboards\\\/\"]}]},{\"@type\":\"BreadcrumbList\",\"@id\":\"https:\\\/\\\/www.c-bekret.com\\\/fr\\\/storyboards\\\/#breadcrumb\",\"itemListElement\":[{\"@type\":\"ListItem\",\"position\":1,\"name\":\"Home\",\"item\":\"https:\\\/\\\/www.c-bekret.com\\\/fr\\\/\"},{\"@type\":\"ListItem\",\"position\":2,\"name\":\"STORYBOARDS\"}]},{\"@type\":\"WebSite\",\"@id\":\"https:\\\/\\\/www.c-bekret.com\\\/fr\\\/#website\",\"url\":\"https:\\\/\\\/www.c-bekret.com\\\/fr\\\/\",\"name\":\"Christophe Bekret\",\"description\":\"Portfolio\",\"publisher\":{\"@id\":\"https:\\\/\\\/www.c-bekret.com\\\/fr\\\/#\\\/schema\\\/person\\\/f62d31d37cbdde1b57fe44519f8468a7\"},\"potentialAction\":[{\"@type\":\"SearchAction\",\"target\":{\"@type\":\"EntryPoint\",\"urlTemplate\":\"https:\\\/\\\/www.c-bekret.com\\\/fr\\\/?s={search_term_string}\"},\"query-input\":{\"@type\":\"PropertyValueSpecification\",\"valueRequired\":true,\"valueName\":\"search_term_string\"}}],\"inLanguage\":\"fr-FR\"},{\"@type\":[\"Person\",\"Organization\"],\"@id\":\"https:\\\/\\\/www.c-bekret.com\\\/fr\\\/#\\\/schema\\\/person\\\/f62d31d37cbdde1b57fe44519f8468a7\",\"name\":\"Christophe Bekret\",\"image\":{\"@type\":\"ImageObject\",\"inLanguage\":\"fr-FR\",\"@id\":\"https:\\\/\\\/secure.gravatar.com\\\/avatar\\\/04eedd77e6779708644853323f16056a2b1473db92e06d87f061bb99e12b629d?s=96&d=mm&r=g\",\"url\":\"https:\\\/\\\/secure.gravatar.com\\\/avatar\\\/04eedd77e6779708644853323f16056a2b1473db92e06d87f061bb99e12b629d?s=96&d=mm&r=g\",\"contentUrl\":\"https:\\\/\\\/secure.gravatar.com\\\/avatar\\\/04eedd77e6779708644853323f16056a2b1473db92e06d87f061bb99e12b629d?s=96&d=mm&r=g\",\"caption\":\"Christophe Bekret\"},\"logo\":{\"@id\":\"https:\\\/\\\/secure.gravatar.com\\\/avatar\\\/04eedd77e6779708644853323f16056a2b1473db92e06d87f061bb99e12b629d?s=96&d=mm&r=g\"},\"description\":\"Form\u00e9 \u00e0 l'\u00e9cole sup\u00e9rieure d'arts graphique de Paris (E.S.A.G), je dispose de nombreuses ann\u00e9es d'exp\u00e9riences professionnelles en tant qu\u2019illustrateur, roughman et animateur pour les agences publicitaires de Paris et Londres. Ma passion pour les images m'incite \u00e0 me former continuellement au nouvelles technologies, exploitant les innombrables potentialit\u00e9s qu'offre le num\u00e9rique et plus r\u00e9cemment la r\u00e9alit\u00e9 virtuelle et la r\u00e9alit\u00e9 augment\u00e9e.\",\"sameAs\":[\"https:\\\/\\\/www.c-bekret.com\"]}]}<\/script>\n<!-- \/ Yoast SEO plugin. -->","yoast_head_json":{"title":"STORYBOARDS - Christophe Bekret","robots":{"index":"index","follow":"follow","max-snippet":"max-snippet:-1","max-image-preview":"max-image-preview:large","max-video-preview":"max-video-preview:-1"},"canonical":"https:\/\/www.c-bekret.com\/fr\/storyboards\/","og_locale":"fr_FR","og_type":"article","og_title":"STORYBOARDS - Christophe Bekret","og_description":"[vc_row full_width=\u00a0\u00bbstretch_row_content_no_spaces\u00a0\u00bb][vc_column][vc_column_text responsive_text=\u00a0\u00bbtrue\u00a0\u00bb css=\u00a0\u00bb.vc_custom_1607688537846{margin-top: 50px !important;margin-bottom: 30px !important;}\u00a0\u00bb color=\u00a0\u00bb#002e51&Prime; font_size=\u00a0\u00bb80&Prime; min_font_size=\u00a0\u00bb40px\u00a0\u00bb] STORYBOARDS [\/vc_column_text][vc_row_inner][vc_column_inner width=\u00a0\u00bb1\/4&Prime;][vc_single_image image=\u00a0\u00bb13386&Prime; lightbox_gallery=\u00a0\u00bb12510,12511,12512,12513,12514,12515,12516,12517,12518,12519,12520&Prime;][\/vc_column_inner][vc_column_inner width=\u00a0\u00bb1\/4&Prime;][vc_single_image image=\u00a0\u00bb13362&Prime; lightbox_gallery=\u00a0\u00bb12523,12524,12525,12526,12527,12528,12529,12530,12531,12532,12533,12534,12535&Prime;][\/vc_column_inner][vc_column_inner width=\u00a0\u00bb1\/4&Prime;][vc_single_image image=\u00a0\u00bb13226&Prime; lightbox_gallery=\u00a0\u00bb12613,12612,12611,12610,12609,12608,14211,12606,14198,12607,14202,14200&Prime;][\/vc_column_inner][vc_column_inner width=\u00a0\u00bb1\/4&Prime;][vc_single_image image=\u00a0\u00bb13272&Prime; lightbox_gallery=\u00a0\u00bb12561,12562,12563,12564,12565,12566,12567,12568,12569,12570,12571,12572,12573,12574,12575&Prime;][\/vc_column_inner][\/vc_row_inner][vc_row_inner][vc_column_inner width=\u00a0\u00bb1\/4&Prime;][vc_single_image image=\u00a0\u00bb13330&Prime; lightbox_gallery=\u00a0\u00bb12545,12547,12548,12550,12551,12552,12553,12554,12555,12556,12557,12542,12543&Prime;][\/vc_column_inner][vc_column_inner width=\u00a0\u00bb1\/4&Prime;][vc_single_image image=\u00a0\u00bb13270&Prime; lightbox_gallery=\u00a0\u00bb12592,12593,12594,12595,12596,12597,12598,12599,12600,12601,12602,12603,12604&Prime;][\/vc_column_inner][vc_column_inner width=\u00a0\u00bb1\/4&Prime;][vc_single_image image=\u00a0\u00bb13204&Prime; lightbox_gallery=\u00a0\u00bb12616,12617,12618,12619,12620,12621,12622,12623,12624,12625&Prime;][\/vc_column_inner][vc_column_inner width=\u00a0\u00bb1\/4&Prime;][vc_single_image image=\u00a0\u00bb13178&Prime; lightbox_gallery=\u00a0\u00bb12631,12632,12633,12634,12635,12636,12637,12638,12639,12640,12641,12642&Prime;][\/vc_column_inner][\/vc_row_inner][vc_row_inner][vc_column_inner width=\u00a0\u00bb1\/4&Prime;][vc_single_image image=\u00a0\u00bb12851&Prime; lightbox_gallery=\u00a0\u00bb12669,12670,12671,12672,12673,12674,12675,12676,12677,12678&Prime;][\/vc_column_inner][vc_column_inner&hellip;","og_url":"https:\/\/www.c-bekret.com\/fr\/storyboards\/","og_site_name":"Christophe Bekret","article_modified_time":"2021-05-01T14:48:04+00:00","twitter_card":"summary_large_image","twitter_misc":{"Dur\u00e9e de lecture estim\u00e9e":"1 minute"},"schema":{"@context":"https:\/\/schema.org","@graph":[{"@type":"WebPage","@id":"https:\/\/www.c-bekret.com\/fr\/storyboards\/","url":"https:\/\/www.c-bekret.com\/fr\/storyboards\/","name":"STORYBOARDS - Christophe Bekret","isPartOf":{"@id":"https:\/\/www.c-bekret.com\/fr\/#website"},"datePublished":"2019-07-01T15:40:20+00:00","dateModified":"2021-05-01T14:48:04+00:00","breadcrumb":{"@id":"https:\/\/www.c-bekret.com\/fr\/storyboards\/#breadcrumb"},"inLanguage":"fr-FR","potentialAction":[{"@type":"ReadAction","target":["https:\/\/www.c-bekret.com\/fr\/storyboards\/"]}]},{"@type":"BreadcrumbList","@id":"https:\/\/www.c-bekret.com\/fr\/storyboards\/#breadcrumb","itemListElement":[{"@type":"ListItem","position":1,"name":"Home","item":"https:\/\/www.c-bekret.com\/fr\/"},{"@type":"ListItem","position":2,"name":"STORYBOARDS"}]},{"@type":"WebSite","@id":"https:\/\/www.c-bekret.com\/fr\/#website","url":"https:\/\/www.c-bekret.com\/fr\/","name":"Christophe Bekret","description":"Portfolio","publisher":{"@id":"https:\/\/www.c-bekret.com\/fr\/#\/schema\/person\/f62d31d37cbdde1b57fe44519f8468a7"},"potentialAction":[{"@type":"SearchAction","target":{"@type":"EntryPoint","urlTemplate":"https:\/\/www.c-bekret.com\/fr\/?s={search_term_string}"},"query-input":{"@type":"PropertyValueSpecification","valueRequired":true,"valueName":"search_term_string"}}],"inLanguage":"fr-FR"},{"@type":["Person","Organization"],"@id":"https:\/\/www.c-bekret.com\/fr\/#\/schema\/person\/f62d31d37cbdde1b57fe44519f8468a7","name":"Christophe Bekret","image":{"@type":"ImageObject","inLanguage":"fr-FR","@id":"https:\/\/secure.gravatar.com\/avatar\/04eedd77e6779708644853323f16056a2b1473db92e06d87f061bb99e12b629d?s=96&d=mm&r=g","url":"https:\/\/secure.gravatar.com\/avatar\/04eedd77e6779708644853323f16056a2b1473db92e06d87f061bb99e12b629d?s=96&d=mm&r=g","contentUrl":"https:\/\/secure.gravatar.com\/avatar\/04eedd77e6779708644853323f16056a2b1473db92e06d87f061bb99e12b629d?s=96&d=mm&r=g","caption":"Christophe Bekret"},"logo":{"@id":"https:\/\/secure.gravatar.com\/avatar\/04eedd77e6779708644853323f16056a2b1473db92e06d87f061bb99e12b629d?s=96&d=mm&r=g"},"description":"Form\u00e9 \u00e0 l'\u00e9cole sup\u00e9rieure d'arts graphique de Paris (E.S.A.G), je dispose de nombreuses ann\u00e9es d'exp\u00e9riences professionnelles en tant qu\u2019illustrateur, roughman et animateur pour les agences publicitaires de Paris et Londres. Ma passion pour les images m'incite \u00e0 me former continuellement au nouvelles technologies, exploitant les innombrables potentialit\u00e9s qu'offre le num\u00e9rique et plus r\u00e9cemment la r\u00e9alit\u00e9 virtuelle et la r\u00e9alit\u00e9 augment\u00e9e.","sameAs":["https:\/\/www.c-bekret.com"]}]}},"_links":{"self":[{"href":"https:\/\/www.c-bekret.com\/fr\/wp-json\/wp\/v2\/pages\/13141","targetHints":{"allow":["GET"]}}],"collection":[{"href":"https:\/\/www.c-bekret.com\/fr\/wp-json\/wp\/v2\/pages"}],"about":[{"href":"https:\/\/www.c-bekret.com\/fr\/wp-json\/wp\/v2\/types\/page"}],"author":[{"embeddable":true,"href":"https:\/\/www.c-bekret.com\/fr\/wp-json\/wp\/v2\/users\/1"}],"replies":[{"embeddable":true,"href":"https:\/\/www.c-bekret.com\/fr\/wp-json\/wp\/v2\/comments?post=13141"}],"version-history":[{"count":11,"href":"https:\/\/www.c-bekret.com\/fr\/wp-json\/wp\/v2\/pages\/13141\/revisions"}],"predecessor-version":[{"id":14447,"href":"https:\/\/www.c-bekret.com\/fr\/wp-json\/wp\/v2\/pages\/13141\/revisions\/14447"}],"wp:attachment":[{"href":"https:\/\/www.c-bekret.com\/fr\/wp-json\/wp\/v2\/media?parent=13141"}],"curies":[{"name":"wp","href":"https:\/\/api.w.org\/{rel}","templated":true}]}}